{"id":62,"date":"2023-07-26T00:06:31","date_gmt":"2023-07-26T00:06:31","guid":{"rendered":"https:\/\/alicialopezmenendez.com.ar\/?page_id=62"},"modified":"2023-07-26T00:10:27","modified_gmt":"2023-07-26T00:10:27","slug":"elegia","status":"publish","type":"page","link":"https:\/\/alicialopezmenendez.com.ar\/?page_id=62","title":{"rendered":"Eleg\u00eda"},"content":{"rendered":"\n<blockquote class=\"wp-block-quote is-layout-flow wp-block-quote-is-layout-flow\">\n<p><\/p>\n<cite><br><br>&#8230;<em>Un manotazo duro, un golpe helado,<\/em><br><em>un hachazo invisible y homicida,<\/em><br><em>un empuj\u00f3n brutal te ha derribado.<\/em><br><br><em>No hay extensi\u00f3n m\u00e1s grande que mi herida,<\/em><br><em>lloro mi desventura y sus conjuntos<\/em><br><em>y siento m\u00e1s tu muerte que mi vida.<\/em><br><br><em>Ando sobre rastrojos de difuntos,<\/em><br><em>y sin calor de nadie y sin consuelo<\/em><br><em>voy de mi coraz\u00f3n a mis asuntos.<\/em><br><br><em>Temprano levant\u00f3 la muerte el vuelo,<\/em><br><em>temprano madrug\u00f3 la madrugada,<\/em><br><em>temprano est\u00e1s rodando por el suelo.<\/em><br><br><em>No perdono a la muerte enamorada,<\/em><br><em>no perdono a la vida desatenta,<\/em><br><em>no perdono a la tierra ni a la nada.<\/em>..<\/cite><\/blockquote>\n\n\n\n<p>                          Miguel Hern\u00e1ndez<\/p>\n\n\n\n<p>                       <\/p>\n","protected":false},"excerpt":{"rendered":"<p>&#8230;Un manotazo duro, un golpe helado,un hachazo invisible y homicida,un empuj\u00f3n brutal te ha derribado. No hay extensi\u00f3n m\u00e1s grande que mi herida,lloro mi desventura y sus conjuntosy siento m\u00e1s tu muerte que mi vida. Ando sobre rastrojos de difuntos,y sin calor de nadie y sin consuelovoy de mi coraz\u00f3n a mis asuntos. Temprano levant\u00f3 [&hellip;]<\/p>\n","protected":false},"author":1,"featured_media":0,"parent":0,"menu_order":0,"comment_status":"closed","ping_status":"closed","template":"","meta":{"om_disable_all_campaigns":false,"_monsterinsights_skip_tracking":false,"_monsterinsights_sitenote_active":false,"_monsterinsights_sitenote_note":"","_monsterinsights_sitenote_category":0,"footnotes":""},"aioseo_notices":[],"_links":{"self":[{"href":"https:\/\/alicialopezmenendez.com.ar\/index.php?rest_route=\/wp\/v2\/pages\/62"}],"collection":[{"href":"https:\/\/alicialopezmenendez.com.ar\/index.php?rest_route=\/wp\/v2\/pages"}],"about":[{"href":"https:\/\/alicialopezmenendez.com.ar\/index.php?rest_route=\/wp\/v2\/types\/page"}],"author":[{"embeddable":true,"href":"https:\/\/alicialopezmenendez.com.ar\/index.php?rest_route=\/wp\/v2\/users\/1"}],"replies":[{"embeddable":true,"href":"https:\/\/alicialopezmenendez.com.ar\/index.php?rest_route=%2Fwp%2Fv2%2Fcomments&post=62"}],"version-history":[{"count":3,"href":"https:\/\/alicialopezmenendez.com.ar\/index.php?rest_route=\/wp\/v2\/pages\/62\/revisions"}],"predecessor-version":[{"id":65,"href":"https:\/\/alicialopezmenendez.com.ar\/index.php?rest_route=\/wp\/v2\/pages\/62\/revisions\/65"}],"wp:attachment":[{"href":"https:\/\/alicialopezmenendez.com.ar\/index.php?rest_route=%2Fwp%2Fv2%2Fmedia&parent=62"}],"curies":[{"name":"wp","href":"https:\/\/api.w.org\/{rel}","templated":true}]}}