{"id":177,"date":"2023-08-31T00:44:55","date_gmt":"2023-08-31T00:44:55","guid":{"rendered":"https:\/\/alicialopezmenendez.com.ar\/?page_id=177"},"modified":"2023-08-31T00:44:55","modified_gmt":"2023-08-31T00:44:55","slug":"tu-sobrina","status":"publish","type":"page","link":"https:\/\/alicialopezmenendez.com.ar\/?page_id=177","title":{"rendered":"Tu sobrina"},"content":{"rendered":"\n<p>T\u00cda!!!! \u00bfC\u00f3mo te fuiste tan de golpe? \u00bfTan r\u00e1pido? Sin saludar\u2026o si lo hiciste, no me percat\u00e9; viviendo a mil &nbsp;muchas veces desenfocada, puede que no haya escuchado tu se\u00f1al. A\u00fan sin entender, te extra\u00f1o por estos dos meses y por todos los que vendr\u00e1n.&nbsp; Ando triste, dolida, enojada por c\u00f3mo se dieron las cosas. \u00bfY vos qu\u00e9 culpa ten\u00e9s? Nunca me enoj\u00e9 con vos\u2026.vengo a hacerlo justo ahora. No te preocupes, ya pasar\u00e1. Es que quer\u00eda m\u00e1s de vos, compartiendo con todxs nosotrxs.&nbsp; Los misterios de la vida infinita que queremos entender con nuestro cerebro estrecho.&nbsp;<\/p>\n\n\n\n<p>Ya sab\u00e9s que en estos \u00faltimos&nbsp; a\u00f1os se fueron 3 de las personas \u201cincondicionales\u201d que tuve y tengo en mi vida. Esas que SIEMPRE daban un SI ante cualquier pedido. Vos SOS una de ellas. De hecho, estas Pascuas pasadas, la \u00faltima vez que nos vimos, me llamaste a solas a la cocina de la casa de mam\u00e1 y me ofreciste ayuda sin ped\u00edrtela\u2026siendo vos hasta el final.<\/p>\n\n\n\n<p>Ay t\u00eda! Tantos recuerdos!! Me los guardo para cont\u00e1rtelos m\u00e1s adelante.<\/p>\n\n\n\n<p><em>\u00bfD\u00f3nde est\u00e1s?&nbsp;&nbsp;&nbsp;<\/em><\/p>\n\n\n\n<p>Como dicen los que saben, no te fuiste, sino que est\u00e1s dentro de cada unx de nosotrxs. Sos alegr\u00eda, perseverancia, escucha. Sos viajes, disfrute, trabajo, estudio. Sos familia, amigas, ropa linda, est\u00e9tica. Sos algunas cosas que me dan gracia tambi\u00e9n! Pero sobre todo te respeto por ese lugar hermoso que supiste ocupar ac\u00e1 conmigo y con todxs tus seres queridos.<\/p>\n\n\n\n<p>Por eso en cada acto generoso y alegre que tenga con la vida, te har\u00e9 homenaje.<\/p>\n\n\n\n<p>Gracias por tanto amor. Te quiero para siempre. Tu sobrina y ahijada Laurita.<\/p>\n\n\n\n<figure class=\"wp-block-image size-full\"><img loading=\"lazy\" decoding=\"async\" width=\"389\" height=\"574\" src=\"https:\/\/alicialopezmenendez.com.ar\/wp-content\/uploads\/2023\/08\/Con-Laurita.jpg\" alt=\"\" class=\"wp-image-178\" srcset=\"https:\/\/alicialopezmenendez.com.ar\/wp-content\/uploads\/2023\/08\/Con-Laurita.jpg 389w, https:\/\/alicialopezmenendez.com.ar\/wp-content\/uploads\/2023\/08\/Con-Laurita-203x300.jpg 203w\" sizes=\"(max-width: 389px) 100vw, 389px\" \/><\/figure>\n","protected":false},"excerpt":{"rendered":"<p>T\u00cda!!!! \u00bfC\u00f3mo te fuiste tan de golpe? \u00bfTan r\u00e1pido? Sin saludar\u2026o si lo hiciste, no me percat\u00e9; viviendo a mil &nbsp;muchas veces desenfocada, puede que no haya escuchado tu se\u00f1al. A\u00fan sin entender, te extra\u00f1o por estos dos meses y por todos los que vendr\u00e1n.&nbsp; Ando triste, dolida, enojada por c\u00f3mo se dieron las cosas. [&hellip;]<\/p>\n","protected":false},"author":1,"featured_media":0,"parent":0,"menu_order":0,"comment_status":"closed","ping_status":"closed","template":"","meta":{"om_disable_all_campaigns":false,"_monsterinsights_skip_tracking":false,"_monsterinsights_sitenote_active":false,"_monsterinsights_sitenote_note":"","_monsterinsights_sitenote_category":0,"footnotes":""},"aioseo_notices":[],"_links":{"self":[{"href":"https:\/\/alicialopezmenendez.com.ar\/index.php?rest_route=\/wp\/v2\/pages\/177"}],"collection":[{"href":"https:\/\/alicialopezmenendez.com.ar\/index.php?rest_route=\/wp\/v2\/pages"}],"about":[{"href":"https:\/\/alicialopezmenendez.com.ar\/index.php?rest_route=\/wp\/v2\/types\/page"}],"author":[{"embeddable":true,"href":"https:\/\/alicialopezmenendez.com.ar\/index.php?rest_route=\/wp\/v2\/users\/1"}],"replies":[{"embeddable":true,"href":"https:\/\/alicialopezmenendez.com.ar\/index.php?rest_route=%2Fwp%2Fv2%2Fcomments&post=177"}],"version-history":[{"count":2,"href":"https:\/\/alicialopezmenendez.com.ar\/index.php?rest_route=\/wp\/v2\/pages\/177\/revisions"}],"predecessor-version":[{"id":181,"href":"https:\/\/alicialopezmenendez.com.ar\/index.php?rest_route=\/wp\/v2\/pages\/177\/revisions\/181"}],"wp:attachment":[{"href":"https:\/\/alicialopezmenendez.com.ar\/index.php?rest_route=%2Fwp%2Fv2%2Fmedia&parent=177"}],"curies":[{"name":"wp","href":"https:\/\/api.w.org\/{rel}","templated":true}]}}