{"id":173,"date":"2023-08-25T10:34:29","date_gmt":"2023-08-25T10:34:29","guid":{"rendered":"https:\/\/alicialopezmenendez.com.ar\/?page_id=173"},"modified":"2023-08-25T10:36:42","modified_gmt":"2023-08-25T10:36:42","slug":"carta-abierta","status":"publish","type":"page","link":"https:\/\/alicialopezmenendez.com.ar\/?page_id=173","title":{"rendered":"Carta abierta de tus amigas del country"},"content":{"rendered":"\n<p>CARTA ABIERTA A ALICIA.<\/p>\n\n\n\n<p>Alicia querida!!!!<\/p>\n\n\n\n<p>Te fuiste tan r\u00e1pido que nos quedaron muchas cosas por decirte.<\/p>\n\n\n\n<p>Desde que te conocimos, hace unos 20 a\u00f1os, o m\u00e1s, te quisimos y nos hicimos amigas desde el primer d\u00eda! \u00a1Te integraste tan bien! C\u00f3mo si nos conoci\u00e9ramos de toda la vida. \u00a1Compartimos tantos y tan lindos momentos!<\/p>\n\n\n\n<p>Siempre con la palabra justa, con la calma que nos dabas cuando alg\u00fan valor de laboratorio nos daba mal. Siempre tan compa\u00f1era, y entusiasta para todo lo que quer\u00edamos hacer, disfrutando peque\u00f1os momentos como si fueran una fiesta.<\/p>\n\n\n\n<p>Record\u00e1ndonos con un presente que nos hab\u00edas extra\u00f1ado en un viaje.<\/p>\n\n\n\n<p>\u00a1Nos diste tanto amor! Y creo que nosotras tambi\u00e9n te lo expresamos. No se si lo suficiente.<\/p>\n\n\n\n<p>Llevaremos siempre en nuestra memoria tu hermosa sonrisa, tu dulce voz y la calidez que pon\u00edas en nuestra amistad .<\/p>\n\n\n\n<p>Sin dudar, tu presencia en nuestra vida nos la mejor\u00f3, y nos hac\u00e9s mucha falta. Pero todo lo vivido y compartido, nos qued\u00f3 para siempre.<\/p>\n\n\n\n<p>Ser\u00e1s eterna en nuestro coraz\u00f3n. QUERIDA ALICIA.<\/p>\n\n\n\n<p>Tus amigas del country. Y del alma.<\/p>\n\n\n\n<p>GRACIELA. MARTA. NANCY. SILVANA. SUSANA.<\/p>\n","protected":false},"excerpt":{"rendered":"<p>CARTA ABIERTA A ALICIA. Alicia querida!!!! Te fuiste tan r\u00e1pido que nos quedaron muchas cosas por decirte. Desde que te conocimos, hace unos 20 a\u00f1os, o m\u00e1s, te quisimos y nos hicimos amigas desde el primer d\u00eda! \u00a1Te integraste tan bien! C\u00f3mo si nos conoci\u00e9ramos de toda la vida. \u00a1Compartimos tantos y tan lindos momentos! [&hellip;]<\/p>\n","protected":false},"author":1,"featured_media":0,"parent":0,"menu_order":0,"comment_status":"closed","ping_status":"closed","template":"","meta":{"om_disable_all_campaigns":false,"_monsterinsights_skip_tracking":false,"_monsterinsights_sitenote_active":false,"_monsterinsights_sitenote_note":"","_monsterinsights_sitenote_category":0,"footnotes":""},"aioseo_notices":[],"_links":{"self":[{"href":"https:\/\/alicialopezmenendez.com.ar\/index.php?rest_route=\/wp\/v2\/pages\/173"}],"collection":[{"href":"https:\/\/alicialopezmenendez.com.ar\/index.php?rest_route=\/wp\/v2\/pages"}],"about":[{"href":"https:\/\/alicialopezmenendez.com.ar\/index.php?rest_route=\/wp\/v2\/types\/page"}],"author":[{"embeddable":true,"href":"https:\/\/alicialopezmenendez.com.ar\/index.php?rest_route=\/wp\/v2\/users\/1"}],"replies":[{"embeddable":true,"href":"https:\/\/alicialopezmenendez.com.ar\/index.php?rest_route=%2Fwp%2Fv2%2Fcomments&post=173"}],"version-history":[{"count":2,"href":"https:\/\/alicialopezmenendez.com.ar\/index.php?rest_route=\/wp\/v2\/pages\/173\/revisions"}],"predecessor-version":[{"id":175,"href":"https:\/\/alicialopezmenendez.com.ar\/index.php?rest_route=\/wp\/v2\/pages\/173\/revisions\/175"}],"wp:attachment":[{"href":"https:\/\/alicialopezmenendez.com.ar\/index.php?rest_route=%2Fwp%2Fv2%2Fmedia&parent=173"}],"curies":[{"name":"wp","href":"https:\/\/api.w.org\/{rel}","templated":true}]}}